{"id":2,"date":"2014-01-01T12:00:48","date_gmt":"2014-01-01T11:00:48","guid":{"rendered":"http:\/\/www.marcberthoumieux.com\/blog\/?page_id=2"},"modified":"2021-09-06T18:11:40","modified_gmt":"2021-09-06T16:11:40","slug":"accueil-du-blog","status":"publish","type":"page","link":"https:\/\/www.marcberthoumieux.com\/blog\/accueil-du-blog\/","title":{"rendered":"\u00c0 propos&#8230;"},"content":{"rendered":"\n<p class=\"has-medium-font-size\"><strong><span style=\"color:#0693e3\" class=\"tadv-color\">Bienvenue sur le NOUVEAU BLOG de Marc Berthoumieux !<\/span><\/strong><\/p>\n\n\n\n<p>Cette nouvelle version compl\u00e8tement responsive (adapt\u00e9e aux t\u00e9l\u00e9phones mobiles et tablettes) a \u00e9t\u00e9 mise en ligne le 8 aout 2021.<\/p>\n\n\n\n<p>Plus fluide, avec un mode de recherche plus efficace et des cat\u00e9gories mises en avant, cette version apporte une meilleure navigation.<\/p>\n\n\n\n<figure class=\"wp-block-image size-large\"><img loading=\"lazy\" decoding=\"async\" width=\"1024\" height=\"715\" src=\"https:\/\/www.marcberthoumieux.com\/blog\/wp-content\/uploads\/2021\/08\/New-Blog-2021-screen-1024x715.jpg\" alt=\"\" class=\"wp-image-4166\" srcset=\"https:\/\/www.marcberthoumieux.com\/blog\/wp-content\/uploads\/2021\/08\/New-Blog-2021-screen-1024x715.jpg 1024w, https:\/\/www.marcberthoumieux.com\/blog\/wp-content\/uploads\/2021\/08\/New-Blog-2021-screen-300x210.jpg 300w, https:\/\/www.marcberthoumieux.com\/blog\/wp-content\/uploads\/2021\/08\/New-Blog-2021-screen-768x537.jpg 768w, https:\/\/www.marcberthoumieux.com\/blog\/wp-content\/uploads\/2021\/08\/New-Blog-2021-screen.jpg 1500w\" sizes=\"auto, (max-width: 1024px) 100vw, 1024px\" \/><\/figure>\n\n\n\n<p><strong>Ces pages ne sont pas ici pour remplacer les r\u00e9seaux sociaux, mais pour les compl\u00e9ter.<\/strong><\/p>\n\n\n\n<p>Vous y trouverez non seulement toutes les news d\u00e9taill\u00e9es avec des images et des vid\u00e9os, mais aussi toutes les archives facilement accessibles et un mode de recherche rapide gr\u00e2ce aux cat\u00e9gories et tags (mots cl\u00e9s).<\/p>\n\n\n\n<p><strong>A venir :<\/strong> Vous pourrez prochainement partager directement une publication sur vos r\u00e9seaux sociaux.<\/p>\n\n\n\n<div style=\"height:29px\" aria-hidden=\"true\" class=\"wp-block-spacer\"><\/div>\n\n\n\n<div class=\"wp-block-button aligncenter\"><a class=\"wp-block-button__link has-text-color has-very-light-gray-color has-background has-vivid-cyan-blue-background-color\" href=\"https:\/\/www.marcberthoumieux.com\/blog\/\" style=\"border-radius:4px\">BONNE VISITE !<\/a><\/div>\n\n\n\n<div style=\"height:84px\" aria-hidden=\"true\" class=\"wp-block-spacer\"><\/div>\n\n\n\n<hr class=\"wp-block-separator\"\/>\n\n\n\n<p><strong data-rich-text-format-boundary=\"true\"><br \/>HISTORIQUE DU BLOG<\/strong><\/p>\n<p><strong data-rich-text-format-boundary=\"true\">\u2022 Vous \u00eates actuellement sur la toute nouvelle version (ao\u00fbt 2021)<\/strong><\/p>\n<p>\u2022 Version 2013-2021 ci-dessous :<\/p>\n\n\n\n<figure class=\"wp-block-image size-large\"><img loading=\"lazy\" decoding=\"async\" width=\"1024\" height=\"805\" src=\"https:\/\/www.marcberthoumieux.com\/blog\/wp-content\/uploads\/2021\/08\/Blog-2013-2021-web-1024x805.jpg\" alt=\"\" class=\"wp-image-4168\" srcset=\"https:\/\/www.marcberthoumieux.com\/blog\/wp-content\/uploads\/2021\/08\/Blog-2013-2021-web-1024x805.jpg 1024w, https:\/\/www.marcberthoumieux.com\/blog\/wp-content\/uploads\/2021\/08\/Blog-2013-2021-web-300x236.jpg 300w, https:\/\/www.marcberthoumieux.com\/blog\/wp-content\/uploads\/2021\/08\/Blog-2013-2021-web-768x604.jpg 768w, https:\/\/www.marcberthoumieux.com\/blog\/wp-content\/uploads\/2021\/08\/Blog-2013-2021-web.jpg 1500w\" sizes=\"auto, (max-width: 1024px) 100vw, 1024px\" \/><\/figure>\n\n\n\n<hr class=\"wp-block-separator\"\/>\n\n\n\n<p class=\"has-normal-font-size\">\u2022 Version 2006-2013 (toujours en ligne)<br \/><a rel=\"noreferrer noopener\" href=\"http:\/\/www.berthoumieux.net\/hold-blog-2006-2013\/\" target=\"_blank\">http:\/\/www.berthoumieux.net\/hold-blog-2006-2013\/<\/a><\/p>\n\n\n\n<p class=\"has-small-font-size\">Il est vou\u00e9 \u00e0 disparaitre : tous les articles ont \u00e9t\u00e9 transf\u00e9r\u00e9s sur le blog actuel.<\/p>\n\n\n\n<figure class=\"wp-block-image size-large\"><img decoding=\"async\" src=\"https:\/\/www.marcberthoumieux.com\/blog\/wp-content\/uploads\/2019\/05\/hold-blog-2006-2013-1024x704.png\" alt=\"\" class=\"wp-image-3153\"\/><\/figure>\n\n\n\n<hr class=\"wp-block-separator\"\/>\n\n\n\n<p>Un grand merci \u00e0 <strong>Anas Lahlou<\/strong> pour son aide \u00e0 l&rsquo;\u00e9laboration de ce blog depuis 2013 et \u00e0 la mise en place de cette derni\u00e8re version.<\/p>\n\n\n\n<hr class=\"wp-block-separator\"\/>\n\n\n\n<p><strong>Les autres espaces WEB de Marc Berthoumieux :<\/strong><\/p>\n<p><strong><a href=\"http:\/\/www.marcberthoumieux.com\/\" target=\"_blank\" rel=\"noreferrer noopener\">marcberthoumieux.com<\/a><\/strong><\/p>\n<p><strong><a href=\"https:\/\/www.facebook.com\/marcberthoumieux\" target=\"_blank\" rel=\"noreferrer noopener\">Facebook<\/a><\/strong><\/p>\n<p><strong><a href=\"https:\/\/www.instagram.com\/marcberthoumieux\/\" target=\"_blank\" rel=\"noreferrer noopener\">Instagram<\/a><\/strong><\/p>\n<p><strong><a href=\"http:\/\/www.youtube.com\/user\/souslavilletv\" target=\"_blank\" rel=\"noreferrer noopener\">Youtube<\/a><\/strong><\/p>\n<p><strong><a href=\"https:\/\/twitter.com\/marcberth\" target=\"_blank\" rel=\"noreferrer noopener\">Twitter<\/a><\/strong><\/p>\n<h4 style=\"text-align: center;\">\u00a0<\/h4>\n\n\n\n<div class=\"wp-block-button aligncenter\"><a class=\"wp-block-button__link has-text-color has-very-light-gray-color has-background has-vivid-cyan-blue-background-color\" href=\"https:\/\/www.marcberthoumieux.com\/blog\/\" style=\"border-radius:4px\">BONNE VISITE !<\/a><\/div>\n","protected":false},"excerpt":{"rendered":"<p>Bienvenue sur le NOUVEAU BLOG de Marc Berthoumieux ! Cette nouvelle version compl\u00e8tement responsive (adapt\u00e9e aux t\u00e9l\u00e9phones mobiles et tablettes) a \u00e9t\u00e9 mise en ligne le 8 aout 2021. Plus fluide, avec un mode de recherche plus efficace et des cat\u00e9gories mises en avant, cette version apporte une meilleure navigation. Ces pages ne sont pas [&hellip;]<\/p>\n","protected":false},"author":1,"featured_media":0,"parent":0,"menu_order":0,"comment_status":"closed","ping_status":"closed","template":"","meta":{"footnotes":""},"class_list":["post-2","page","type-page","status-publish","hentry"],"_links":{"self":[{"href":"https:\/\/www.marcberthoumieux.com\/blog\/wp-json\/wp\/v2\/pages\/2","targetHints":{"allow":["GET"]}}],"collection":[{"href":"https:\/\/www.marcberthoumieux.com\/blog\/wp-json\/wp\/v2\/pages"}],"about":[{"href":"https:\/\/www.marcberthoumieux.com\/blog\/wp-json\/wp\/v2\/types\/page"}],"author":[{"embeddable":true,"href":"https:\/\/www.marcberthoumieux.com\/blog\/wp-json\/wp\/v2\/users\/1"}],"replies":[{"embeddable":true,"href":"https:\/\/www.marcberthoumieux.com\/blog\/wp-json\/wp\/v2\/comments?post=2"}],"version-history":[{"count":50,"href":"https:\/\/www.marcberthoumieux.com\/blog\/wp-json\/wp\/v2\/pages\/2\/revisions"}],"predecessor-version":[{"id":4523,"href":"https:\/\/www.marcberthoumieux.com\/blog\/wp-json\/wp\/v2\/pages\/2\/revisions\/4523"}],"wp:attachment":[{"href":"https:\/\/www.marcberthoumieux.com\/blog\/wp-json\/wp\/v2\/media?parent=2"}],"curies":[{"name":"wp","href":"https:\/\/api.w.org\/{rel}","templated":true}]}}