{"id":4327,"date":"2021-08-11T14:50:48","date_gmt":"2021-08-11T12:50:48","guid":{"rendered":"http:\/\/www.marcberthoumieux.com\/blog\/?page_id=4327"},"modified":"2021-08-11T15:02:42","modified_gmt":"2021-08-11T13:02:42","slug":"nouvelle-page-test","status":"publish","type":"page","link":"https:\/\/www.marcberthoumieux.com\/blog\/nouvelle-page-test\/","title":{"rendered":"Nouvelle page (test)"},"content":{"rendered":"\n<div class=\"wp-block-group\"><div class=\"wp-block-group__inner-container is-layout-flow wp-block-group-is-layout-flow\">\n<table style=\"border-collapse: collapse; width: 101.63636363636364%; height: 316px;\">\n<tbody>\n<tr style=\"height: 23px;\">\n<td style=\"width: 41.72727272727273%; height: 23px;\">Test<\/td>\n<td style=\"width: 24.454545454545453%; height: 23px;\">Ville<\/td>\n<td style=\"width: 23.363636363636367%; height: 23px;\">Date<\/td>\n<td style=\"width: 12.090909090909092%; height: 23px;\">\u00a0<\/td>\n<\/tr>\n<tr style=\"height: 23px;\">\n<td style=\"width: 41.72727272727273%; height: 23px;\">Test 2<\/td>\n<td style=\"width: 24.454545454545453%; height: 23px;\">\u00a0<\/td>\n<td style=\"width: 23.363636363636367%; height: 23px;\">\u00a0<\/td>\n<td style=\"width: 12.090909090909092%; height: 23px;\">\u00a0<\/td>\n<\/tr>\n<tr style=\"height: 23px;\">\n<td style=\"width: 41.72727272727273%; height: 23px;\">Test 3<\/td>\n<td style=\"width: 24.454545454545453%; height: 23px;\">\u00a0<\/td>\n<td style=\"width: 23.363636363636367%; height: 23px;\">\u00a0<\/td>\n<td style=\"width: 12.090909090909092%; height: 23px;\">\u00a0<\/td>\n<\/tr>\n<tr style=\"height: 23px;\">\n<td style=\"width: 41.72727272727273%; height: 23px;\">\u00a0<\/td>\n<td style=\"width: 24.454545454545453%; height: 23px;\">\u00a0<\/td>\n<td style=\"width: 23.363636363636367%; height: 23px;\">\u00a0<\/td>\n<td style=\"width: 12.090909090909092%; height: 23px;\">\u00a0<\/td>\n<\/tr>\n<tr style=\"height: 23px;\">\n<td style=\"width: 41.72727272727273%; height: 23px;\">\u00a0<\/td>\n<td style=\"width: 24.454545454545453%; height: 23px;\">\u00a0<\/td>\n<td style=\"width: 23.363636363636367%; height: 23px;\">\u00a0<\/td>\n<td style=\"width: 12.090909090909092%; height: 23px;\">\u00a0<\/td>\n<\/tr>\n<tr style=\"height: 201px;\">\n<td style=\"width: 41.72727272727273%; height: 201px;\">\u00a0<\/td>\n<td style=\"width: 24.454545454545453%; height: 201px;\">\u00a0<\/td>\n<td style=\"width: 23.363636363636367%; height: 201px;\">\u00a0<\/td>\n<td style=\"width: 12.090909090909092%; height: 201px;\">\u00a0<\/td>\n<\/tr>\n<\/tbody>\n<\/table>\n<\/div><\/div>\n\n\n\n<div style=\"height:100px\" aria-hidden=\"true\" class=\"wp-block-spacer\"><\/div>\n\n\n<ul class=\"wp-block-latest-posts__list wp-block-latest-posts\"><li><a class=\"wp-block-latest-posts__post-title\" href=\"https:\/\/www.marcberthoumieux.com\/blog\/participation-au-documentaire-2026-sur-pierre-le-coz-chanteur-et-n2-de-la-brigade-rapide-dintervention-bri-france-3-et-france-tv\/\">Participation au documentaire (2026) sur Pierre Le Coz, Chanteur et N\u00b02 de la Brigade Rapide d&rsquo;Intervention (BRI) &#8211; France 3 et France TV<\/a><\/li>\n<li><a class=\"wp-block-latest-posts__post-title\" href=\"https:\/\/www.marcberthoumieux.com\/blog\/participation-a-lemission-une-journee-avec-jacques-brel-avec-thomas-dutronc-et-gaetan-roussel-diffusion-automne-2023-sur-france-3\/\">Participation \u00e0 l&rsquo;\u00e9mission \u00ab\u00a0Une journ\u00e9e avec Jacques Brel\u00a0\u00bb avec Thomas Dutronc et Ga\u00ebtan Roussel (diffusions 2023, 2024, 2025, 2026 &#8211; France 3 et France 4).<\/a><\/li>\n<li><a class=\"wp-block-latest-posts__post-title\" href=\"https:\/\/www.marcberthoumieux.com\/blog\/bonne-annee-2026\/\">Bonne Ann\u00e9e 2026 !<\/a><\/li>\n<li><a class=\"wp-block-latest-posts__post-title\" href=\"https:\/\/www.marcberthoumieux.com\/blog\/en-concert-avec-jean-bardy-le-12-decembre-2025-pour-son-nouvel-album-au-cafe-des-anges\/\">En concert avec Jean Bardy le 12 d\u00e9cembre 2025 pour son nouvel album \u00ab\u00a0Au Caf\u00e9 des Anges\u00a0\u00bb<\/a><\/li>\n<li><a class=\"wp-block-latest-posts__post-title\" href=\"https:\/\/www.marcberthoumieux.com\/blog\/participation-au-nouvel-album-de-marie-ossagantsia-sortie-14-novembre-2025\/\">Participation au nouvel album de Marie Ossagantsia \u00ab\u00a0Matin Calme\u00a0\u00bb- sortie le 14 novembre 2025<\/a><\/li>\n<\/ul>\n\n\n<p><img loading=\"lazy\" decoding=\"async\" width=\"150\" height=\"8\" class=\"wp-image-3731\" style=\"width: 150px;\" src=\"https:\/\/www.marcberthoumieux.com\/blog\/wp-content\/uploads\/2021\/08\/test-1270x65-1.jpg\" alt=\"\" srcset=\"https:\/\/www.marcberthoumieux.com\/blog\/wp-content\/uploads\/2021\/08\/test-1270x65-1.jpg 1270w, https:\/\/www.marcberthoumieux.com\/blog\/wp-content\/uploads\/2021\/08\/test-1270x65-1-300x15.jpg 300w, https:\/\/www.marcberthoumieux.com\/blog\/wp-content\/uploads\/2021\/08\/test-1270x65-1-1024x52.jpg 1024w, https:\/\/www.marcberthoumieux.com\/blog\/wp-content\/uploads\/2021\/08\/test-1270x65-1-768x39.jpg 768w, https:\/\/www.marcberthoumieux.com\/blog\/wp-content\/uploads\/2021\/08\/test-1270x65-1-1200x65.jpg 1200w\" sizes=\"auto, (max-width: 150px) 100vw, 150px\" \/><\/p>\n\n\n<div class=\"wp-block-calendar\"><table id=\"wp-calendar\" class=\"wp-calendar-table\">\n\t<caption>mai 2026<\/caption>\n\t<thead>\n\t<tr>\n\t\t<th scope=\"col\" aria-label=\"lundi\">L<\/th>\n\t\t<th scope=\"col\" aria-label=\"mardi\">M<\/th>\n\t\t<th scope=\"col\" aria-label=\"mercredi\">M<\/th>\n\t\t<th scope=\"col\" aria-label=\"jeudi\">J<\/th>\n\t\t<th scope=\"col\" aria-label=\"vendredi\">V<\/th>\n\t\t<th scope=\"col\" aria-label=\"samedi\">S<\/th>\n\t\t<th scope=\"col\" aria-label=\"dimanche\">D<\/th>\n\t<\/tr>\n\t<\/thead>\n\t<tbody>\n\t<tr>\n\t\t<td colspan=\"4\" class=\"pad\">&nbsp;<\/td><td>1<\/td><td>2<\/td><td>3<\/td>\n\t<\/tr>\n\t<tr>\n\t\t<td>4<\/td><td>5<\/td><td>6<\/td><td id=\"today\">7<\/td><td>8<\/td><td>9<\/td><td>10<\/td>\n\t<\/tr>\n\t<tr>\n\t\t<td>11<\/td><td>12<\/td><td>13<\/td><td>14<\/td><td>15<\/td><td>16<\/td><td>17<\/td>\n\t<\/tr>\n\t<tr>\n\t\t<td>18<\/td><td>19<\/td><td>20<\/td><td>21<\/td><td>22<\/td><td>23<\/td><td>24<\/td>\n\t<\/tr>\n\t<tr>\n\t\t<td>25<\/td><td>26<\/td><td>27<\/td><td>28<\/td><td>29<\/td><td>30<\/td><td>31<\/td>\n\t<\/tr>\n\t<\/tbody>\n\t<\/table><nav aria-label=\"Mois pr\u00e9c\u00e9dents et suivants\" class=\"wp-calendar-nav\">\n\t\t<span class=\"wp-calendar-nav-prev\"><a href=\"https:\/\/www.marcberthoumieux.com\/blog\/2026\/03\/\">&laquo; Mar<\/a><\/span>\n\t\t<span class=\"pad\">&nbsp;<\/span>\n\t\t<span class=\"wp-calendar-nav-next\">&nbsp;<\/span>\n\t<\/nav><\/div>\n\n\n<div style=\"height:100px\" aria-hidden=\"true\" class=\"wp-block-spacer\"><\/div>\n\n\n\n<p><\/p>\n\n\n<p class=\"wp-block-tag-cloud\"><a href=\"https:\/\/www.marcberthoumieux.com\/blog\/tag\/andre-ceccarelli\/\" class=\"tag-cloud-link tag-link-24 tag-link-position-1\" style=\"font-size: 9.6190476190476pt;\" aria-label=\"Andr\u00e9 Ceccarelli (8 \u00e9l\u00e9ments)\">Andr\u00e9 Ceccarelli<\/a>\n<a href=\"https:\/\/www.marcberthoumieux.com\/blog\/tag\/andre-charlier\/\" class=\"tag-cloud-link tag-link-357 tag-link-position-2\" style=\"font-size: 8.6666666666667pt;\" aria-label=\"Andr\u00e9 Charlier (6 \u00e9l\u00e9ments)\">Andr\u00e9 Charlier<\/a>\n<a href=\"https:\/\/www.marcberthoumieux.com\/blog\/tag\/benoit-sourisse\/\" class=\"tag-cloud-link tag-link-356 tag-link-position-3\" style=\"font-size: 9.1428571428571pt;\" aria-label=\"Beno\u00eet Sourisse (7 \u00e9l\u00e9ments)\">Beno\u00eet Sourisse<\/a>\n<a href=\"https:\/\/www.marcberthoumieux.com\/blog\/tag\/bruno-bongarcon\/\" class=\"tag-cloud-link tag-link-255 tag-link-position-4\" style=\"font-size: 11.142857142857pt;\" aria-label=\"Bruno Bongar\u00e7on (12 \u00e9l\u00e9ments)\">Bruno Bongar\u00e7on<\/a>\n<a href=\"https:\/\/www.marcberthoumieux.com\/blog\/tag\/christophe-cravero\/\" class=\"tag-cloud-link tag-link-38 tag-link-position-5\" style=\"font-size: 10.095238095238pt;\" aria-label=\"Christophe Cravero (9 \u00e9l\u00e9ments)\">Christophe Cravero<\/a>\n<a href=\"https:\/\/www.marcberthoumieux.com\/blog\/tag\/01-concerts\/\" class=\"tag-cloud-link tag-link-142 tag-link-position-6\" style=\"font-size: 22pt;\" aria-label=\"CONCERTS (177 \u00e9l\u00e9ments)\">CONCERTS<\/a>\n<a href=\"https:\/\/www.marcberthoumieux.com\/blog\/tag\/do-montebello\/\" class=\"tag-cloud-link tag-link-138 tag-link-position-7\" style=\"font-size: 10.095238095238pt;\" aria-label=\"Do Montebello (9 \u00e9l\u00e9ments)\">Do Montebello<\/a>\n<a href=\"https:\/\/www.marcberthoumieux.com\/blog\/tag\/festival\/\" class=\"tag-cloud-link tag-link-11 tag-link-position-8\" style=\"font-size: 12.952380952381pt;\" aria-label=\"Festival (19 \u00e9l\u00e9ments)\">Festival<\/a>\n<a href=\"https:\/\/www.marcberthoumieux.com\/blog\/tag\/francis-arnaud\/\" class=\"tag-cloud-link tag-link-53 tag-link-position-9\" style=\"font-size: 10.095238095238pt;\" aria-label=\"Fran\u00e7is Arnaud (9 \u00e9l\u00e9ments)\">Fran\u00e7is Arnaud<\/a>\n<a href=\"https:\/\/www.marcberthoumieux.com\/blog\/tag\/frederic-zeitoun\/\" class=\"tag-cloud-link tag-link-254 tag-link-position-10\" style=\"font-size: 11.52380952381pt;\" aria-label=\"Fr\u00e9d\u00e9ric Zeitoun (13 \u00e9l\u00e9ments)\">Fr\u00e9d\u00e9ric Zeitoun<\/a>\n<a href=\"https:\/\/www.marcberthoumieux.com\/blog\/tag\/giovanni-mirabassi\/\" class=\"tag-cloud-link tag-link-18 tag-link-position-11\" style=\"font-size: 17.52380952381pt;\" aria-label=\"Giovanni Mirabassi (59 \u00e9l\u00e9ments)\">Giovanni Mirabassi<\/a>\n<a href=\"https:\/\/www.marcberthoumieux.com\/blog\/tag\/henri-texier\/\" class=\"tag-cloud-link tag-link-25 tag-link-position-12\" style=\"font-size: 8pt;\" aria-label=\"Henri Texier (5 \u00e9l\u00e9ments)\">Henri Texier<\/a>\n<a href=\"https:\/\/www.marcberthoumieux.com\/blog\/tag\/herve-morisot\/\" class=\"tag-cloud-link tag-link-414 tag-link-position-13\" style=\"font-size: 10.095238095238pt;\" aria-label=\"Herv\u00e9 Morisot (9 \u00e9l\u00e9ments)\">Herv\u00e9 Morisot<\/a>\n<a href=\"https:\/\/www.marcberthoumieux.com\/blog\/tag\/instruments-2\/\" class=\"tag-cloud-link tag-link-63 tag-link-position-14\" style=\"font-size: 10.47619047619pt;\" aria-label=\"Instruments (10 \u00e9l\u00e9ments)\">Instruments<\/a>\n<a href=\"https:\/\/www.marcberthoumieux.com\/blog\/tag\/jean-pierre-como\/\" class=\"tag-cloud-link tag-link-26 tag-link-position-15\" style=\"font-size: 8pt;\" aria-label=\"Jean Pierre Como (5 \u00e9l\u00e9ments)\">Jean Pierre Como<\/a>\n<a href=\"https:\/\/www.marcberthoumieux.com\/blog\/tag\/jerome-regard\/\" class=\"tag-cloud-link tag-link-75 tag-link-position-16\" style=\"font-size: 9.1428571428571pt;\" aria-label=\"Jerome Regard (7 \u00e9l\u00e9ments)\">Jerome Regard<\/a>\n<a href=\"https:\/\/www.marcberthoumieux.com\/blog\/tag\/jimi-drouillard\/\" class=\"tag-cloud-link tag-link-13 tag-link-position-17\" style=\"font-size: 10.857142857143pt;\" aria-label=\"Jimi Drouillard (11 \u00e9l\u00e9ments)\">Jimi Drouillard<\/a>\n<a href=\"https:\/\/www.marcberthoumieux.com\/blog\/tag\/joel-favreau\/\" class=\"tag-cloud-link tag-link-42 tag-link-position-18\" style=\"font-size: 11.52380952381pt;\" aria-label=\"Jo\u00ebl Favreau (13 \u00e9l\u00e9ments)\">Jo\u00ebl Favreau<\/a>\n<a href=\"https:\/\/www.marcberthoumieux.com\/blog\/tag\/kevin-reveyrand\/\" class=\"tag-cloud-link tag-link-39 tag-link-position-19\" style=\"font-size: 9.1428571428571pt;\" aria-label=\"Kevin Reveyrand (7 \u00e9l\u00e9ments)\">Kevin Reveyrand<\/a>\n<a href=\"https:\/\/www.marcberthoumieux.com\/blog\/tag\/la-jeanne\/\" class=\"tag-cloud-link tag-link-54 tag-link-position-20\" style=\"font-size: 8.6666666666667pt;\" aria-label=\"La Jeanne (6 \u00e9l\u00e9ments)\">La Jeanne<\/a>\n<a href=\"https:\/\/www.marcberthoumieux.com\/blog\/tag\/laurent-vernerey\/\" class=\"tag-cloud-link tag-link-35 tag-link-position-21\" style=\"font-size: 15.904761904762pt;\" aria-label=\"Laurent Vernerey (40 \u00e9l\u00e9ments)\">Laurent Vernerey<\/a>\n<a href=\"https:\/\/www.marcberthoumieux.com\/blog\/tag\/linley-marthe\/\" class=\"tag-cloud-link tag-link-278 tag-link-position-22\" style=\"font-size: 9.1428571428571pt;\" aria-label=\"Linley Marthe (7 \u00e9l\u00e9ments)\">Linley Marthe<\/a>\n<a href=\"https:\/\/www.marcberthoumieux.com\/blog\/tag\/louis-winsberg\/\" class=\"tag-cloud-link tag-link-10 tag-link-position-23\" style=\"font-size: 15.047619047619pt;\" aria-label=\"Louis Winsberg (32 \u00e9l\u00e9ments)\">Louis Winsberg<\/a>\n<a href=\"https:\/\/www.marcberthoumieux.com\/blog\/tag\/ludovic-beier\/\" class=\"tag-cloud-link tag-link-43 tag-link-position-24\" style=\"font-size: 9.6190476190476pt;\" aria-label=\"Ludovic Beier (8 \u00e9l\u00e9ments)\">Ludovic Beier<\/a>\n<a href=\"https:\/\/www.marcberthoumieux.com\/blog\/tag\/lukmil-perez\/\" class=\"tag-cloud-link tag-link-59 tag-link-position-25\" style=\"font-size: 9.6190476190476pt;\" aria-label=\"Lukmil Perez (8 \u00e9l\u00e9ments)\">Lukmil Perez<\/a>\n<a href=\"https:\/\/www.marcberthoumieux.com\/blog\/tag\/manu-le-prince\/\" class=\"tag-cloud-link tag-link-51 tag-link-position-26\" style=\"font-size: 10.095238095238pt;\" aria-label=\"Manu le Prince (9 \u00e9l\u00e9ments)\">Manu le Prince<\/a>\n<a href=\"https:\/\/www.marcberthoumieux.com\/blog\/tag\/marc-michel-lebevillion\/\" class=\"tag-cloud-link tag-link-251 tag-link-position-27\" style=\"font-size: 9.6190476190476pt;\" aria-label=\"Marc-Michel Lebevillion (8 \u00e9l\u00e9ments)\">Marc-Michel Lebevillion<\/a>\n<a href=\"https:\/\/www.marcberthoumieux.com\/blog\/tag\/marc-berthoumieux\/\" class=\"tag-cloud-link tag-link-17 tag-link-position-28\" style=\"font-size: 8pt;\" aria-label=\"Marc Berthoumieux (5 \u00e9l\u00e9ments)\">Marc Berthoumieux<\/a>\n<a href=\"https:\/\/www.marcberthoumieux.com\/blog\/tag\/marcel-azzola\/\" class=\"tag-cloud-link tag-link-29 tag-link-position-29\" style=\"font-size: 9.6190476190476pt;\" aria-label=\"Marcel Azzola (8 \u00e9l\u00e9ments)\">Marcel Azzola<\/a>\n<a href=\"https:\/\/www.marcberthoumieux.com\/blog\/tag\/masterclass\/\" class=\"tag-cloud-link tag-link-123 tag-link-position-30\" style=\"font-size: 8.6666666666667pt;\" aria-label=\"MasterClass (6 \u00e9l\u00e9ments)\">MasterClass<\/a>\n<a href=\"https:\/\/www.marcberthoumieux.com\/blog\/tag\/minino-garay\/\" class=\"tag-cloud-link tag-link-27 tag-link-position-31\" style=\"font-size: 9.6190476190476pt;\" aria-label=\"Minino Garay (8 \u00e9l\u00e9ments)\">Minino Garay<\/a>\n<a href=\"https:\/\/www.marcberthoumieux.com\/blog\/tag\/monica-passos\/\" class=\"tag-cloud-link tag-link-55 tag-link-position-32\" style=\"font-size: 8.6666666666667pt;\" aria-label=\"Monica Passos (6 \u00e9l\u00e9ments)\">Monica Passos<\/a>\n<a href=\"https:\/\/www.marcberthoumieux.com\/blog\/tag\/melanie-dahan\/\" class=\"tag-cloud-link tag-link-66 tag-link-position-33\" style=\"font-size: 12.571428571429pt;\" aria-label=\"M\u00e9lanie Dahan (17 \u00e9l\u00e9ments)\">M\u00e9lanie Dahan<\/a>\n<a href=\"https:\/\/www.marcberthoumieux.com\/blog\/tag\/participation-album\/\" class=\"tag-cloud-link tag-link-21 tag-link-position-34\" style=\"font-size: 12.571428571429pt;\" aria-label=\"Participation album (17 \u00e9l\u00e9ments)\">Participation album<\/a>\n<a href=\"https:\/\/www.marcberthoumieux.com\/blog\/tag\/patrick-manouguian\/\" class=\"tag-cloud-link tag-link-73 tag-link-position-35\" style=\"font-size: 9.6190476190476pt;\" aria-label=\"Patrick Manouguian (8 \u00e9l\u00e9ments)\">Patrick Manouguian<\/a>\n<a href=\"https:\/\/www.marcberthoumieux.com\/blog\/tag\/petit-journal-montparnasse\/\" class=\"tag-cloud-link tag-link-46 tag-link-position-36\" style=\"font-size: 10.47619047619pt;\" aria-label=\"Petit Journal Montparnasse (10 \u00e9l\u00e9ments)\">Petit Journal Montparnasse<\/a>\n<a href=\"https:\/\/www.marcberthoumieux.com\/blog\/tag\/philippe-drai\/\" class=\"tag-cloud-link tag-link-410 tag-link-position-37\" style=\"font-size: 8.6666666666667pt;\" aria-label=\"Philippe Dra\u00ef (6 \u00e9l\u00e9ments)\">Philippe Dra\u00ef<\/a>\n<a href=\"https:\/\/www.marcberthoumieux.com\/blog\/tag\/presse-2\/\" class=\"tag-cloud-link tag-link-32 tag-link-position-38\" style=\"font-size: 9.6190476190476pt;\" aria-label=\"Presse (8 \u00e9l\u00e9ments)\">Presse<\/a>\n<a href=\"https:\/\/www.marcberthoumieux.com\/blog\/tag\/rocky-gresset\/\" class=\"tag-cloud-link tag-link-45 tag-link-position-39\" style=\"font-size: 8.6666666666667pt;\" aria-label=\"Rocky Gresset (6 \u00e9l\u00e9ments)\">Rocky Gresset<\/a>\n<a href=\"https:\/\/www.marcberthoumieux.com\/blog\/tag\/sergio-tomassi\/\" class=\"tag-cloud-link tag-link-31 tag-link-position-40\" style=\"font-size: 9.1428571428571pt;\" aria-label=\"Sergio Tomassi (7 \u00e9l\u00e9ments)\">Sergio Tomassi<\/a>\n<a href=\"https:\/\/www.marcberthoumieux.com\/blog\/tag\/stephane-huchard\/\" class=\"tag-cloud-link tag-link-34 tag-link-position-41\" style=\"font-size: 14.952380952381pt;\" aria-label=\"St\u00e9phane Huchard (31 \u00e9l\u00e9ments)\">St\u00e9phane Huchard<\/a>\n<a href=\"https:\/\/www.marcberthoumieux.com\/blog\/tag\/videos\/\" class=\"tag-cloud-link tag-link-61 tag-link-position-42\" style=\"font-size: 8pt;\" aria-label=\"Vid\u00e9os (5 \u00e9l\u00e9ments)\">Vid\u00e9os<\/a>\n<a href=\"https:\/\/www.marcberthoumieux.com\/blog\/tag\/vincent-peirani\/\" class=\"tag-cloud-link tag-link-50 tag-link-position-43\" style=\"font-size: 9.1428571428571pt;\" aria-label=\"Vincent Peirani (7 \u00e9l\u00e9ments)\">Vincent Peirani<\/a>\n<a href=\"https:\/\/www.marcberthoumieux.com\/blog\/tag\/william-lecomte\/\" class=\"tag-cloud-link tag-link-16 tag-link-position-44\" style=\"font-size: 11.809523809524pt;\" aria-label=\"William Lecomte (14 \u00e9l\u00e9ments)\">William Lecomte<\/a>\n<a href=\"https:\/\/www.marcberthoumieux.com\/blog\/tag\/xavier-sarazin\/\" class=\"tag-cloud-link tag-link-160 tag-link-position-45\" style=\"font-size: 9.1428571428571pt;\" aria-label=\"Xavier Sarazin (7 \u00e9l\u00e9ments)\">Xavier Sarazin<\/a><\/p>","protected":false},"excerpt":{"rendered":"<p>Test Ville Date \u00a0 Test 2 \u00a0 \u00a0 \u00a0 Test 3 \u00a0 \u00a0 \u00a0 \u00a0 \u00a0 \u00a0 \u00a0 \u00a0 \u00a0 \u00a0 \u00a0 \u00a0 \u00a0 \u00a0 \u00a0<\/p>\n","protected":false},"author":1,"featured_media":0,"parent":0,"menu_order":0,"comment_status":"closed","ping_status":"closed","template":"","meta":{"footnotes":""},"class_list":["post-4327","page","type-page","status-publish","hentry"],"_links":{"self":[{"href":"https:\/\/www.marcberthoumieux.com\/blog\/wp-json\/wp\/v2\/pages\/4327","targetHints":{"allow":["GET"]}}],"collection":[{"href":"https:\/\/www.marcberthoumieux.com\/blog\/wp-json\/wp\/v2\/pages"}],"about":[{"href":"https:\/\/www.marcberthoumieux.com\/blog\/wp-json\/wp\/v2\/types\/page"}],"author":[{"embeddable":true,"href":"https:\/\/www.marcberthoumieux.com\/blog\/wp-json\/wp\/v2\/users\/1"}],"replies":[{"embeddable":true,"href":"https:\/\/www.marcberthoumieux.com\/blog\/wp-json\/wp\/v2\/comments?post=4327"}],"version-history":[{"count":5,"href":"https:\/\/www.marcberthoumieux.com\/blog\/wp-json\/wp\/v2\/pages\/4327\/revisions"}],"predecessor-version":[{"id":4333,"href":"https:\/\/www.marcberthoumieux.com\/blog\/wp-json\/wp\/v2\/pages\/4327\/revisions\/4333"}],"wp:attachment":[{"href":"https:\/\/www.marcberthoumieux.com\/blog\/wp-json\/wp\/v2\/media?parent=4327"}],"curies":[{"name":"wp","href":"https:\/\/api.w.org\/{rel}","templated":true}]}}